{"id":152,"date":"2023-05-09T09:13:19","date_gmt":"2023-05-09T09:13:19","guid":{"rendered":"https:\/\/aufbau.wsc-lauchringen.de\/index.php\/one-page-express\/"},"modified":"2024-08-07T08:04:09","modified_gmt":"2024-08-07T08:04:09","slug":"one-page-express","status":"publish","type":"page","link":"https:\/\/wsc-lauchringen.de\/","title":{"rendered":"Front Page"},"content":{"rendered":"<div  id=\"revierdienst\" style=\"background-color: rgb(255, 255, 255);\" data-label=\"Revierdienst\" data-id=\"stripped-coloured-icon-boxes\" data-category=\"overlapable\" class=\"features-coloured-icon-boxes-section\" data-overlap=\"true\"> <div  class=\"gridContainer\"> <div  class=\"features-coloured-icon-boxes-innerrow flexbox-list dark-text\" data-type=\"row\"> <div  class=\"features-coloured-icon-boxes-featurecol cp3cols\"> <img  decoding=\"async\" class=\"custom-image\" src=\"https:\/\/wsc-lauchringen.de\/wp-content\/uploads\/2022\/10\/shutterstock_1619493712-scaled-1.jpg\" alt=\"\"> <h4  class=\"\">Revierdienst\n<\/h4> <p  class=\"\">Professionelle Bewachung in allen Einsatzfeldern.&nbsp;<br >\n<\/p> <a class=\"features-coloured-button\" href=\"https:\/\/wsc-lauchringen.de\/#revierdienst-1\" target=\"_self\" rel=\"noopener\">Mehr erfahren\u2026<\/a> <div  class=\"spacer\" data-type=\"group\"><span  class=\"fa before\"><\/span><i  class=\"fa fa-angle-double-down\"><\/i><span  class=\"fa after\"><\/span><\/div><\/div> <div  class=\"features-coloured-icon-boxes-featurecol cp3cols\"> <img  decoding=\"async\" class=\"custom-image\" src=\"https:\/\/wsc-lauchringen.de\/wp-content\/uploads\/2023\/05\/AdobeStock_155309597-scaled.jpeg\" alt=\"\"> <h4  class=\"\">Veranstaltungs- \n<br >dienst<\/h4> <p  class=\"\">Wir sorgen f\u00fcr die Sicherheit mit auf Ihrer Veranstaltung.<\/p> <a class=\"features-coloured-button\" href=\"https:\/\/wsc-lauchringen.de\/#veranstaltungsdienst\" target=\"_self\" rel=\"noopener\">Mehr Erfahren\u2026<\/a> <div  class=\"spacer\" data-type=\"group\"><span  class=\"fa before\"><\/span><i  class=\"fa fa-angle-double-down\"><\/i><span  class=\"fa after\"><\/span><\/div><\/div> <div  class=\"features-coloured-icon-boxes-featurecol cp3cols\">  <img  decoding=\"async\" class=\"custom-image\" src=\"https:\/\/wsc-lauchringen.de\/wp-content\/uploads\/2023\/05\/AdobeStock_300174816-scaled.jpeg\" alt=\"\"><h4  class=\"\">&nbsp;Detektivarbeiten\n<\/h4> <p  class=\"\">Unsere Detektive sorgen f\u00fcr einen R\u00fcckgang von  Ladendiebst\u00e4hlen.<\/p> <a class=\"features-coloured-button\" href=\"https:\/\/wsc-lauchringen.de\/#detektive\" target=\"_self\" rel=\"noopener\">Mehr Erfahren\u2026<\/a> <div  class=\"spacer\" data-type=\"group\"><span  class=\"fa before\"><\/span><i  class=\"fa fa-angle-double-down\"><\/i><span  class=\"fa after\"><\/span><\/div><\/div> <div  class=\"features-coloured-icon-boxes-featurecol cp3cols\"> <img  decoding=\"async\" class=\"custom-image\" src=\"https:\/\/wsc-lauchringen.de\/wp-content\/uploads\/2023\/05\/AdobeStock_207871235-scaled-e1683627439238.jpeg\" alt=\"\"> <h4  class=\"\">Aufzugsbefreiung<\/h4> <p  class=\"\">Unser geschultes Personal befreit Sie aus dem Aufzug.<\/p> <a class=\"features-coloured-button\" href=\"https:\/\/wsc-lauchringen.de\/#ueber-uns\" target=\"_self\" rel=\"noopener\">Mehr erfahren<\/a> <div  class=\"spacer\" data-type=\"group\"><span  class=\"fa before\"><\/span><i  class=\"fa fa-angle-double-down\"><\/i><span  class=\"fa after\"><\/span><\/div><\/div> <\/div> <\/div><\/div><div  id=\"revierdienst-1\" style=\"background-color: rgb(246, 246, 246);\" data-label=\"Revierdienst\" data-id=\"about-big-images-section\" data-category=\"about\" class=\"about-big-images-section\"> <div  class=\"\"> <div  class=\"about-big-images-textrow\"> <div  class=\"about-big-images-textcol dynamic-color\" data-type=\"column\"> <h5  class=\"\">Pr\u00e4sent sein ist die halbe Miete\u2026<\/h5> <h3  class=\"\">T\u00e4glich fahren wir unser Revier mehrfach.<\/h3> <p  class=\"\">Der Revierdienst, auch Revierbewachung genannt, kann als eine Art mobiler Objektschutz angesehen werden, der ein Geb\u00e4ude, eine Anlage, ein Gel\u00e4nde oder auch einen Stadtteil bef\u00e4hrt. Im Gegensatz zum normalen Objektschutz ist der Revierdienst mobil und beaufsichtigt meist mehrere Objekte auf einmal. Welche das sind, das legen wir von Wach + Sicherheits-Compagnie mittels Revierplan fest und ist ganz abh\u00e4ngig vom zu bewachenden Revier, sowie dem Auftraggeber und dessen Sicherheitsbed\u00fcrfnis.<\/p> <a class=\"button blue big\" href=\"https:\/\/wsc-lauchringen.de\/index.php\/anfrage-senden\" target=\"_self\" rel=\"noopener\">Pers\u00f6nliches Angebot anfordern<\/a> <\/div> <\/div> <\/div> <div  class=\"about-big-images-bottomrow\"> <div  class=\"about-big-images-leftimgcol\"><img  decoding=\"async\" class=\"about-big-images-leftimg\" src=\"https:\/\/wsc-lauchringen.de\/wp-content\/uploads\/2023\/05\/AdobeStock_207871235-scaled-e1683627439238.jpeg\" alt=\"\"> <\/div> <div  class=\"about-big-images-centerimgcol\"><img  decoding=\"async\" class=\"about-big-images-centerimg\" src=\"https:\/\/wsc-lauchringen.de\/wp-content\/uploads\/2022\/10\/shutterstock_1619493712-scaled-1.jpg\" alt=\"\"> <\/div> <div  class=\"about-big-images-rightimgcol\"><img  decoding=\"async\" class=\"about-big-images-rightimg\" src=\"https:\/\/wsc-lauchringen.de\/wp-content\/uploads\/2023\/05\/AdobeStock_314672886-Kopie-scaled.jpg\" alt=\"\"> <\/div> <\/div> <\/div><div  id=\"veranstaltungsdienst\" style=\"background-color: #ffffff;\" data-label=\"Veranstaltungsdienst\" data-id=\"content-image-left\" data-category=\"content\" class=\"content-left-image-section\"> <div  class=\"\"> <div  class=\"row\"> <div  class=\"content-left-image-imgcol\" data-type=\"column\"> <img  decoding=\"async\" src=\"https:\/\/wsc-lauchringen.de\/wp-content\/uploads\/2023\/05\/AdobeStock_207871235-scaled-e1683627439238.jpeg\" class=\"\" alt=\"\"> <\/div> <div  class=\"content-left-image-textcol dynamic-color\" data-type=\"column\"> <h2  class=\"\">Unser Veranstaltungsdienst<\/h2> <p  class=\"large_text\">Eine Event bedarf einer guten Planung. Damit Ihre Veranstaltung gelingt, planen wir mit Ihnen den Veranstaltungsschutz. Neben der Planung und Organisation Ihres Events bieten wir von Wach +Sicherheits-Compagnie Ihnen zudem Unterst\u00fctzung bei folgenden Dienstleistungen:<br >\n<br >\u00b7 Einlasskontrollen\n<br >\u00b7 Personen-Streife innerhalb der Veranstaltung\n<br >\u00b7 Garderobendienste\n<br >\u00b7 B\u00fchnenabsicherung\n<br >\u00b7 Bewachung und Verwaltung des Equipments\n<br >\u00b7 Parkplatzverwaltung\n<br >\u00b7 Abstimmung mit Polizei, Ordnungsamt,<br >Feuerwehr sowie Sanit\u00e4tsdienst<\/p> <a class=\"button blue\" href=\"https:\/\/wsc-lauchringen.de\/index.php\/anfrage-senden\" target=\"_self\" rel=\"noopener\"> Ihre Veranstaltung mit uns Planen <\/a> <\/div> <\/div> <\/div> <\/div><div  id=\"detektive\" style=\"background-color: #f6f6f6;\" data-label=\"Detektive\" data-id=\"content-image-right\" data-category=\"content\" class=\"content-right-image-section\"> <div  class=\"gridContainer\"> <div  class=\"content-right-image-gridcol\"> <div  class=\"content-right-image-textcol dynamic-color\" data-type=\"column\"> <h2  class=\"\">Unsere Detektive sichern Ihren Gewinn<\/h2> <p  class=\"large_text\"> Durch einen Detektiv kann die Anzahl der Diebst\u00e4hle deutlich verringert werden. Er kann bei einer versuchten oder vollendeten Entwendung von Gegenst\u00e4nden zeitnah eingreifen. Dadurch soll ein Eigentumsschaden des Eigent\u00fcmers verhindert und die erforderliche Identit\u00e4tsfeststellung von tatverd\u00e4chtigen Personen durchgef\u00fchrt werden. Per Video\u00fcberwachung oder durch pers\u00f6nliche Observation durch Anwesenheit im Ladenraum schafft ein Detektiv hierf\u00fcr die Voraussetzungen. Ob in einem speziellen Raum am Monitor oder verdeckt im Nahbereich von Verd\u00e4chtigen k\u00f6nnen Ladendiebe gezielt beobachtet werden. Die dabei getroffenen Feststellungen dienen als Handlungsgrundlage und Beweis zur Ma\u00dfnahmenergreifung. <\/p> <a class=\"button blue\" href=\"https:\/\/wsc-lauchringen.de\/index.php\/anfrage-senden\" target=\"_self\" rel=\"noopener\"> Kontaktieren Sie uns <\/a> <\/div> <div  class=\"content-right-image-imgcol\" data-type=\"column\"> <img  decoding=\"async\" src=\"https:\/\/wsc-lauchringen.de\/wp-content\/uploads\/2023\/05\/AdobeStock_300174816-scaled.jpeg\" class=\"\" alt=\"\"> <\/div> <\/div> <\/div> <\/div><div  id=\"portfolio-2\" style=\"background-color: #ffffff;\" data-label=\"Portfolio\" data-id=\"portfolio-full-section\" data-category=\"portfolio\"> <div  class=\"portfolio-full-section\" data-type=\"row\"> <div  class=\"portfolio-full-projectco cp4cols cp4cols-tablet\"> <div  class=\"contentswap-effect ContentSwap103\" hover-fx=\"ContentSwap103\" id=\"ContentSwap103\"> <div  class=\"ContentSwap103_content initial-image\"><img  decoding=\"async\" class=\"portfolio-full-projectimg\" data-size=\"1200x800\" src=\"https:\/\/wsc-lauchringen.de\/wp-content\/uploads\/2023\/05\/cropped-AdobeStock_180097050-scaled-1.jpeg\"> <\/div> <div  class=\"overlay\" style=\"display: block; opacity: 1;\"><\/div> <div  class=\"swap-inner\" style=\"opacity: 1; display: block;\"> <div  class=\"ContentSwap103-center\"> <h4  class=\"protfolio-full-itemtitle\">Bei uns bewerben<\/h4><a class=\"button yellow\" href=\"https:\/\/wsc-lauchringen.de\/index.php\/jetzt-bewerben\" target=\"_self\" rel=\"noopener\">Zum Bewerberformular<\/a> <\/div> <\/div> <\/div> <\/div> <div  class=\"portfolio-full-projectco cp4cols cp4cols-tablet\"> <div  class=\"contentswap-effect ContentSwap103\" hover-fx=\"ContentSwap103\" id=\"ContentSwap103\" is-hovered=\"1\"> <div  class=\"ContentSwap103_content initial-image\"><img  decoding=\"async\" class=\"portfolio-full-projectimg\" data-size=\"1200x800\" src=\"https:\/\/wsc-lauchringen.de\/wp-content\/plugins\/one-page-express-companion\/theme-data\/one-page-express\/sections\/images\/project1.jpg\"> <\/div> <div  class=\"overlay\" style=\"display: block; opacity: 1;\"><\/div> <div  class=\"swap-inner\" style=\"opacity: 1; display: block;\"> <div  class=\"ContentSwap103-center\"> <h4  class=\"protfolio-full-itemtitle\">Kontaktieren Sie uns<\/h4><a class=\"button yellow\" href=\"https:\/\/wsc-lauchringen.de\/index.php\/anfrage-senden\" target=\"_self\" rel=\"noopener\">Zum Kontaktformular<\/a> <\/div> <\/div> <\/div> <\/div> <div  class=\"portfolio-full-projectco cp4cols cp4cols-tablet\"> <div  class=\"contentswap-effect ContentSwap103\" hover-fx=\"ContentSwap103\" id=\"ContentSwap103\" is-hovered=\"1\"> <div  class=\"ContentSwap103_content initial-image\"><img  decoding=\"async\" class=\"portfolio-full-projectimg\" data-size=\"1200x800\" src=\"https:\/\/wsc-lauchringen.de\/wp-content\/plugins\/one-page-express-companion\/theme-data\/one-page-express\/sections\/images\/project2.jpg\"> <\/div> <div  class=\"overlay\" style=\"display: block; opacity: 1;\"><\/div> <div  class=\"swap-inner\" style=\"opacity: 1; display: block;\"> <div  class=\"ContentSwap103-center\"> <h4  class=\"protfolio-full-itemtitle\">Angebot anfordern<\/h4><a class=\"button yellow\" href=\"https:\/\/wsc-lauchringen.de\/index.php\/anfrage-senden\" target=\"_self\" rel=\"noopener\">zur Angebotsanfrage<\/a> <\/div> <\/div> <\/div> <\/div><\/div><\/div><div  id=\"testimonials-1\" style=\"background-color: #f6f6f6;\" data-label=\"Testimonials\" data-id=\"testimonials-boxed-section\" data-category=\"testimonials\" class=\"testimonials-boxed-section\"> <div  class=\"gridContainer\"> <div  class=\"testimonials-boxed-textcol dynamic-color\" data-type=\"column\"> <h2  class=\"\">Das sagen unsere Kunden \u00fcber uns.<\/h2>  <\/div> <div  class=\"testimonials-boxed-itemsrow dark-text\" data-type=\"row\"> <div  class=\"testimonials-boxed-itemcol cp4cols cp6cols-tablet\"> <div  class=\"testimonials-boxed-itemcard\" data-type=\"column\"> <h4  class=\"testimonials-boxed-itemtext\">Die beste Sicherheitsfirma mit der ich bisher zu tun hatte. Hoch professionell.  Mitarbeiter erbringen eine wahnsinns Leistung. Sind immer konzentriert und bei der Sache. Wollen f\u00fcr die Firmen in denen sie eingesetzt sind das beste . Auch f\u00fchle ich mich stets sicher.<br >Weiter so.<\/h4> <h5  class=\"testimonials-boxed-itemname\">R.W.<\/h5> <h6  class=\"testimonials-boxed-itempos\">Google<\/h6> <\/div> <\/div> <div  class=\"testimonials-boxed-itemcol cp4cols cp6cols-tablet\"> <div  class=\"testimonials-boxed-itemcard\" data-type=\"column\"> <h4  class=\"testimonials-boxed-itemtext\">Sehr freundliches Personal super Team. Sind auch  bei schwierigen Situationen sehr professionell und arbeiten sehr strukturiert .Weiter so<\/h4> <h5  class=\"testimonials-boxed-itemname\">C.R.<\/h5> <h6  class=\"testimonials-boxed-itempos\">Google<\/h6> <\/div> <\/div> <div  class=\"testimonials-boxed-itemcol cp4cols cp6cols-tablet\"> <div  class=\"testimonials-boxed-itemcard\" data-type=\"column\"> <h4  class=\"testimonials-boxed-itemtext\">Seri\u00f6se und sehr kompetente Firma! Tolle, erfahrene Mitarbeiter und so gut wie rund um die Uhr erreichbar. Sehr empfehlenswert \ud83d\udc4d\ud83d\udc4d\ud83d\udc4d<\/h4> <h5  class=\"testimonials-boxed-itemname\">E.M.<\/h5> <h6  class=\"testimonials-boxed-itempos\">Google<\/h6> <\/div> <\/div> <\/div> <\/div><\/div><div  id=\"cta-1\" data-label=\"Call to action\" data-id=\"cta-blue-section\" data-category=\"cta\" class=\"cta-blue-section\"> <div  class=\"gridContainer\"> <div  class=\"flexbox-list flexbox-list-align-center row\"> <div  class=\"cta-blue-textcol dynamic-color\"> <h2  class=\"cta-blue-text\"><b >Bewerte uns auf Google\u2026<\/b><\/h2> <\/div> <div  class=\"cta-blue-btncol\"> <a class=\"button big yellow dark-text\" href=\"https:\/\/www.google.com\/maps\/place\/Wach+%2B+Sicherheits-Compagnie\/@47.6302431,8.2955767,15z\/data=!4m6!3m5!1s0x479067f8736a6b1b:0xa9723165799d4658!8m2!3d47.6302431!4d8.2955767!16s%2Fg%2F11sxygrb31\" target=\"_self\" rel=\"noopener\"> Zu Google <\/a> <\/div> <\/div> <\/div> <\/div><div  id=\"team-1\" style=\"background-color: rgb(255, 255, 255);\" data-label=\"Team\" data-id=\"team-colors-section\" data-category=\"team\" class=\"team-colors-section\"> <div  class=\"gridContainer\"> <div  class=\"team-colors-textcol dynamic-color\"> <h2 >Unsere Ansprechspartner<\/h2> <p  class=\"\"><\/p> <\/div> <div  class=\"team-colors-membersrow dark-text\" data-type=\"row\"> <div  class=\"team-colors-membercol cp6cols-tablet cp6cols\"> <div  class=\"team-colors-membercard\"> <div  class=\"team-colors-background\"><\/div> <div  class=\"team-colors-memberinfo\" data-type=\"column\"><img  decoding=\"async\" class=\"team-colors-memberimg\" data-size=\"500x500\" src=\"https:\/\/wsc-lauchringen.de\/wp-content\/uploads\/2023\/05\/cropped-Unbenannt-1-Kopie.jpg\" alt=\"\"> <h4  class=\"team-colors-membername\">Herr Loewert<\/h4> <p  class=\"team-colors-memberposition\">Inhaber &amp; Gesch\u00e4ftsf\u00fchrer<\/p>  <hr  class=\"team-colors-separator\"> <a class=\"button blue\" href=\"mailto:info@wsc-lauchringen.de\" target=\"_self\" rel=\"noopener\">Mail schreiben<\/a><\/div> <div  class=\"team-colors-membericons\" data-type=\"group\"> <a href=\"#\" target=\"_self\" data-reiki-hidden=\"true\" rel=\"noopener\"><i  data-cp-fa=\"true\" class=\"team-colors-icon fa fa-linkedin\"><\/i><\/a> <a href=\"#\" target=\"_self\" data-reiki-hidden=\"true\" rel=\"noopener\"><i  data-cp-fa=\"true\" class=\"fa team-colors-icon fa-twitter\"><\/i><\/a> <a href=\"#\" target=\"_self\" data-reiki-hidden=\"true\" rel=\"noopener\"><i  data-cp-fa=\"true\" class=\"fa team-colors-icon fa-dribbble\"><\/i><\/a> <\/div> <\/div> <\/div> <div  class=\"team-colors-membercol cp6cols-tablet cp6cols\"> <div  class=\"team-colors-membercard\"> <div  class=\"team-colors-background\"><\/div> <div  class=\"team-colors-memberinfo\" data-type=\"column\"><img  decoding=\"async\" class=\"team-colors-memberimg\" data-size=\"500x500\" src=\"https:\/\/wsc-lauchringen.de\/wp-content\/uploads\/2023\/05\/cropped-cropped-Unbenannt-1.jpg\" alt=\"\"> <h4  class=\"team-colors-membername\">Frau Miserandino<\/h4> <p  class=\"team-colors-memberposition\">Assistentin der Gesch\u00e4ftsleitung<\/p>  <hr  class=\"team-colors-separator\"> <a class=\"button blue\" href=\"mailto:info@wsc-lauchringen.de\" target=\"_self\" rel=\"noopener\">Mail schreiben<\/a><\/div> <div  class=\"team-colors-membericons\" data-type=\"group\"> <a href=\"#\" target=\"_self\" data-reiki-hidden=\"true\" rel=\"noopener\"><i  data-cp-fa=\"true\" class=\"team-colors-icon fa fa-linkedin\"><\/i><\/a> <a href=\"#\" target=\"_self\" data-reiki-hidden=\"true\" rel=\"noopener\"><i  data-cp-fa=\"true\" class=\"fa team-colors-icon fa-twitter\"><\/i><\/a> <a href=\"#\" target=\"_self\" data-reiki-hidden=\"true\" rel=\"noopener\"><i  data-cp-fa=\"true\" class=\"fa team-colors-icon fa-dribbble\"><\/i><\/a> <\/div> <\/div> <\/div>   <\/div> <\/div><\/div><div  id=\"numbers\" data-label=\"Numbers\" data-id=\"numbers-section\" data-category=\"numbers\" data-bg=\"transparent\" class=\"numbers-section\" data-parallax-depth=\"20\"> <div  class=\"gridContainer dynamic-color\"> <div  class=\"numbers-itemcol\"> <h2  class=\"numbers-numbertext\">7 Tage<\/h2> <h3  class=\"numbers-titletext\">in der Woche<\/h3> <\/div> <div  class=\"numbers-itemcol\"> <h2  class=\"numbers-numbertext\">24 Stunde<\/h2> <h3  class=\"numbers-titletext\">t\u00e4glich<\/h3> <\/div> <div  class=\"numbers-itemcol-last\"> <h2  class=\"numbers-numbertext\">365 Tage<\/h2> <h3  class=\"numbers-titletext\">im Jahr<\/h3> <\/div> <\/div><\/div><div  data-label=\"Content\" data-id=\"content-full-right-image-section\" data-category=\"content\" class=\"content-full-right-image-section\" id=\"content-2\" style=\"background-color: rgb(246, 246, 246);\"> <div  class=\"content-full-right-image-innerrow\"> <div  class=\"content-full-right-image-textcol dynamic-color\"> <div  data-type=\"column\" class=\"\">  <h2  class=\"\">\u00dcber uns<\/h2> <p  class=\"\">Unsere langj\u00e4hrige Erfahrung spiegelt sich in unserer Professionalit\u00e4t wieder.<\/p> <\/div> <div  class=\"content-full-right-image-featuresrow\"> <div  class=\"content-full-right-image-featurescol\" data-type=\"column\"><p  class=\"\">Wir sind ein Unternehmen, welches sich die Optimierung der Sicherheitsbelange seiner Klienten als h\u00f6chstes Ziel gesteckt hat.<br >Ihre pers\u00f6nliche Sicherheit und Zufriedenheit ist f\u00fcr uns oberstes Gebot.&nbsp;Die Wach + Sicherheits-Compagnie wurde 1978 in Rosenfeld gegr\u00fcndet. Mit unserer langj\u00e4hrigen Erfahrung sind wir der optimale Ansprechspartner wenn es um den Schutz und die Sicherheit geht.<\/p>     <\/div> <div  class=\"content-full-right-image-featurescol\" data-type=\"column\">     <\/div> <\/div> <\/div> <div  data-bg=\"image\" class=\"content-full-right-image-imgcol\" style=\"background-image: url(&quot;https:\/\/wsc-lauchringen.de\/wp-content\/uploads\/2023\/05\/Unbenannt-2.jpg&quot;);\"><\/div> <\/div><\/div>","protected":false},"excerpt":{"rendered":"<p>Revierdienst Professionelle Bewachung in allen Einsatzfeldern.&nbsp; Mehr erfahren\u2026 Veranstaltungs- dienst Wir sorgen f\u00fcr die Sicherheit mit auf Ihrer Veranstaltung. Mehr Erfahren\u2026 &nbsp;Detektivarbeiten Unsere Detektive sorgen f\u00fcr einen R\u00fcckgang von Ladendiebst\u00e4hlen. Mehr Erfahren\u2026 Aufzugsbefreiung Unser geschultes Personal befreit Sie aus dem Aufzug. Mehr erfahren Pr\u00e4sent sein ist die halbe Miete\u2026 T\u00e4glich fahren wir unser Revier mehrfach.&hellip; <br \/> <a class=\"button small blue\" href=\"https:\/\/wsc-lauchringen.de\/index.php\/2022\/02\/04\/hello-world\/\">Weiterlesen<\/a><\/p>\n","protected":false},"author":1,"featured_media":0,"parent":0,"menu_order":0,"comment_status":"closed","ping_status":"closed","template":"","meta":{"footnotes":""},"class_list":["post-152","page","type-page","status-publish","hentry"],"_links":{"self":[{"href":"https:\/\/wsc-lauchringen.de\/index.php\/wp-json\/wp\/v2\/pages\/152","targetHints":{"allow":["GET"]}}],"collection":[{"href":"https:\/\/wsc-lauchringen.de\/index.php\/wp-json\/wp\/v2\/pages"}],"about":[{"href":"https:\/\/wsc-lauchringen.de\/index.php\/wp-json\/wp\/v2\/types\/page"}],"author":[{"embeddable":true,"href":"https:\/\/wsc-lauchringen.de\/index.php\/wp-json\/wp\/v2\/users\/1"}],"replies":[{"embeddable":true,"href":"https:\/\/wsc-lauchringen.de\/index.php\/wp-json\/wp\/v2\/comments?post=152"}],"version-history":[{"count":52,"href":"https:\/\/wsc-lauchringen.de\/index.php\/wp-json\/wp\/v2\/pages\/152\/revisions"}],"predecessor-version":[{"id":316,"href":"https:\/\/wsc-lauchringen.de\/index.php\/wp-json\/wp\/v2\/pages\/152\/revisions\/316"}],"wp:attachment":[{"href":"https:\/\/wsc-lauchringen.de\/index.php\/wp-json\/wp\/v2\/media?parent=152"}],"curies":[{"name":"wp","href":"https:\/\/api.w.org\/{rel}","templated":true}]}}